{"id":274,"date":"2018-05-02T04:12:26","date_gmt":"2018-05-02T04:12:26","guid":{"rendered":"http:\/\/demos.filathemes.com\/education-lms-pro\/?page_id=274"},"modified":"2021-08-02T23:19:20","modified_gmt":"2021-08-02T23:19:20","slug":"home","status":"publish","type":"page","link":"https:\/\/ouslavejkoarsov.edu.mk\/al\/","title":{"rendered":"N\u00eb sht\u00ebpi"},"content":{"rendered":"\t\t<div data-elementor-type=\"wp-post\" data-elementor-id=\"274\" class=\"elementor elementor-274\" data-elementor-settings=\"[]\">\n\t\t\t\t\t\t<div class=\"elementor-inner\">\n\t\t\t\t\t\t\t<div class=\"elementor-section-wrap\">\n\t\t\t\t\t\t\t<section class=\"elementor-section elementor-top-section elementor-element elementor-element-f238de2 elementor-section-stretched elementor-section-full_width elementor-section-height-default elementor-section-height-default\" data-id=\"f238de2\" data-element_type=\"section\" data-settings=\"{&quot;stretch_section&quot;:&quot;section-stretched&quot;}\">\n\t\t\t\t\t\t<div class=\"elementor-container elementor-column-gap-default\">\n\t\t\t\t\t\t\t<div class=\"elementor-row\">\n\t\t\t\t\t<div class=\"elementor-column elementor-col-100 elementor-top-column elementor-element elementor-element-1471d5a\" data-id=\"1471d5a\" data-element_type=\"column\">\n\t\t\t<div class=\"elementor-column-wrap\">\n\t\t\t\t\t\t\t<div class=\"elementor-widget-wrap\">\n\t\t\t\t\t\t\t\t<\/div>\n\t\t\t\t\t<\/div>\n\t\t<\/div>\n\t\t\t\t\t\t\t\t<\/div>\n\t\t\t\t\t<\/div>\n\t\t<\/section>\n\t\t\t\t<section class=\"elementor-section elementor-top-section elementor-element elementor-element-1b084ac9 elementor-section-boxed elementor-section-height-default elementor-section-height-default\" data-id=\"1b084ac9\" data-element_type=\"section\">\n\t\t\t\t\t\t<div class=\"elementor-container elementor-column-gap-default\">\n\t\t\t\t\t\t\t<div class=\"elementor-row\">\n\t\t\t\t\t<div class=\"elementor-column elementor-col-33 elementor-top-column elementor-element elementor-element-4781e9a\" data-id=\"4781e9a\" data-element_type=\"column\">\n\t\t\t<div class=\"elementor-column-wrap elementor-element-populated\">\n\t\t\t\t\t\t\t<div class=\"elementor-widget-wrap\">\n\t\t\t\t\t\t<div class=\"elementor-element elementor-element-67e3fb6b elementor-position-right elementor-vertical-align-middle elementor-view-default elementor-widget elementor-widget-icon-box\" data-id=\"67e3fb6b\" data-element_type=\"widget\" data-widget_type=\"icon-box.default\">\n\t\t\t\t<div class=\"elementor-widget-container\">\n\t\t\t\t\t<div class=\"elementor-icon-box-wrapper\">\n\t\t\t\t\t\t<div class=\"elementor-icon-box-icon\">\n\t\t\t\t<span class=\"elementor-icon elementor-animation-grow\" >\n\t\t\t\t<i aria-hidden=\"true\" class=\"fas fa-graduation-cap\"><\/i>\t\t\t\t<\/span>\n\t\t\t<\/div>\n\t\t\t\t\t\t<div class=\"elementor-icon-box-content\">\n\t\t\t\t<h3 class=\"elementor-icon-box-title\">\n\t\t\t\t\t<span  >\n\t\t\t\t\t\t\t\t\t\t\t<\/span>\n\t\t\t\t<\/h3>\n\t\t\t\t\t\t\t<\/div>\n\t\t<\/div>\n\t\t\t\t<\/div>\n\t\t\t\t<\/div>\n\t\t\t\t\t\t<\/div>\n\t\t\t\t\t<\/div>\n\t\t<\/div>\n\t\t\t\t<div class=\"elementor-column elementor-col-33 elementor-top-column elementor-element elementor-element-2658770d\" data-id=\"2658770d\" data-element_type=\"column\">\n\t\t\t<div class=\"elementor-column-wrap elementor-element-populated\">\n\t\t\t\t\t\t\t<div class=\"elementor-widget-wrap\">\n\t\t\t\t\t\t<div class=\"elementor-element elementor-element-54624fcf elementor-position-right elementor-vertical-align-middle elementor-view-default elementor-widget elementor-widget-icon-box\" data-id=\"54624fcf\" data-element_type=\"widget\" data-widget_type=\"icon-box.default\">\n\t\t\t\t<div class=\"elementor-widget-container\">\n\t\t\t\t\t<div class=\"elementor-icon-box-wrapper\">\n\t\t\t\t\t\t<div class=\"elementor-icon-box-icon\">\n\t\t\t\t<span class=\"elementor-icon elementor-animation-grow\" >\n\t\t\t\t<i aria-hidden=\"true\" class=\"fas fa-trophy\"><\/i>\t\t\t\t<\/span>\n\t\t\t<\/div>\n\t\t\t\t\t\t<div class=\"elementor-icon-box-content\">\n\t\t\t\t<h3 class=\"elementor-icon-box-title\">\n\t\t\t\t\t<span  >\n\t\t\t\t\t\t\t\t\t\t\t<\/span>\n\t\t\t\t<\/h3>\n\t\t\t\t\t\t\t<\/div>\n\t\t<\/div>\n\t\t\t\t<\/div>\n\t\t\t\t<\/div>\n\t\t\t\t\t\t<\/div>\n\t\t\t\t\t<\/div>\n\t\t<\/div>\n\t\t\t\t<div class=\"elementor-column elementor-col-33 elementor-top-column elementor-element elementor-element-1635b74f\" data-id=\"1635b74f\" data-element_type=\"column\">\n\t\t\t<div class=\"elementor-column-wrap elementor-element-populated\">\n\t\t\t\t\t\t\t<div class=\"elementor-widget-wrap\">\n\t\t\t\t\t\t<div class=\"elementor-element elementor-element-7626e541 elementor-position-right elementor-vertical-align-middle elementor-view-default elementor-widget elementor-widget-icon-box\" data-id=\"7626e541\" data-element_type=\"widget\" data-widget_type=\"icon-box.default\">\n\t\t\t\t<div class=\"elementor-widget-container\">\n\t\t\t\t\t<div class=\"elementor-icon-box-wrapper\">\n\t\t\t\t\t\t<div class=\"elementor-icon-box-icon\">\n\t\t\t\t<span class=\"elementor-icon elementor-animation-grow\" >\n\t\t\t\t<i aria-hidden=\"true\" class=\"far fa-edit\"><\/i>\t\t\t\t<\/span>\n\t\t\t<\/div>\n\t\t\t\t\t\t<div class=\"elementor-icon-box-content\">\n\t\t\t\t<h3 class=\"elementor-icon-box-title\">\n\t\t\t\t\t<span  >\n\t\t\t\t\t\t\t\t\t\t\t<\/span>\n\t\t\t\t<\/h3>\n\t\t\t\t\t\t\t<\/div>\n\t\t<\/div>\n\t\t\t\t<\/div>\n\t\t\t\t<\/div>\n\t\t\t\t\t\t<\/div>\n\t\t\t\t\t<\/div>\n\t\t<\/div>\n\t\t\t\t\t\t\t\t<\/div>\n\t\t\t\t\t<\/div>\n\t\t<\/section>\n\t\t\t\t<section class=\"elementor-section elementor-top-section elementor-element elementor-element-7d3dcaa elementor-section-boxed elementor-section-height-default elementor-section-height-default\" data-id=\"7d3dcaa\" data-element_type=\"section\" data-settings=\"{&quot;background_background&quot;:&quot;classic&quot;}\">\n\t\t\t\t\t\t<div class=\"elementor-container elementor-column-gap-default\">\n\t\t\t\t\t\t\t<div class=\"elementor-row\">\n\t\t\t\t\t<div class=\"elementor-column elementor-col-100 elementor-top-column elementor-element elementor-element-d4f0922\" data-id=\"d4f0922\" data-element_type=\"column\">\n\t\t\t<div class=\"elementor-column-wrap elementor-element-populated\">\n\t\t\t\t\t\t\t<div class=\"elementor-widget-wrap\">\n\t\t\t\t\t\t<div class=\"elementor-element elementor-element-2a7160a elementor-widget elementor-widget-edu-recent-news\" data-id=\"2a7160a\" data-element_type=\"widget\" data-widget_type=\"edu-recent-news.default\">\n\t\t\t\t<div class=\"elementor-widget-container\">\n\t\t\t\r\n\t\t\t<div class=\"carousel-wrapper\">\r\n\r\n\t\t\t\t<h2 class=\"title\">Risi<\/h2>\r\n\r\n\t\t\t\t<div class=\"recent-post-carousel row recent-news-carousel-69e4cc1a33682\"\r\n\t\t\t\t     data-slick='{\"slidesToShow\": 3, \"slidesToScroll\": 1}'>\r\n\t\t\t\t\t\t\t\t\t<\/div>\r\n\t\t\t<\/div>\r\n\r\n            <script type=\"text\/javascript\">\r\n                (function($) {\r\n                    \"use strict\";\r\n                    $('.recent-news-carousel-69e4cc1a33682').slick({\r\n\t\t\t\t\t\t                        responsive: [\r\n                            {\r\n                                breakpoint: 1024,\r\n                                settings: {\r\n                                    arrows: false,\r\n                                    centerMode: true,\r\n                                    centerPadding: '40px',\r\n                                    slidesToShow: 3\r\n                                }\r\n                            },\r\n                            {\r\n                                breakpoint: 768,\r\n                                settings: {\r\n                                    arrows: false,\r\n                                    centerMode: true,\r\n                                    centerPadding: '40px',\r\n                                    slidesToShow: 2\r\n                                }\r\n                            },\r\n                            {\r\n                                breakpoint: 480,\r\n                                settings: {\r\n                                    arrows: false,\r\n                                    centerMode: true,\r\n                                    centerPadding: '40px',\r\n                                    slidesToShow: 1\r\n                                }\r\n                            }\r\n                        ]\r\n                    });\r\n                })(jQuery);\r\n            <\/script>\r\n\r\n\t\t\t\t\t<\/div>\n\t\t\t\t<\/div>\n\t\t\t\t<div class=\"elementor-element elementor-element-4f5bddb elementor-widget elementor-widget-edu-featured-slider\" data-id=\"4f5bddb\" data-element_type=\"widget\" data-widget_type=\"edu-featured-slider.default\">\n\t\t\t\t<div class=\"elementor-widget-container\">\n\t\t\t\r\n        <div class=\"feature-slides-wrapper feature-slick-slider\" >\r\n            <div class=\"feature-slider slider-69e4cc1a36098\" data-animation=\"up\">\r\n\t\t\t\t<div class=\"elementor-repeater-item-946ab51 slick-slide\"><div class=\"feature-slide-bg\"><\/div><div  class=\"feature-slide-inner\"><div class=\"feature-slide-content animated fadeInUp\"><h2 class=\"feature-slide-heading\">f.Podmo\u00e7an,Komuna e Resnj\u00ebs<\/h2><p class=\"feature-slide-description\">f.Podmo\u00e7an,Komuna e Resnj\u00ebs\n\n<\/p><a href=\"#\" class=\"btn slide-button\">mire se erdhe<\/a><\/div><\/div><\/div>            <\/div>\r\n        <\/div>\r\n        <script type=\"text\/javascript\">\r\n            (function($) {\r\n                \"use strict\";\r\n \u00a0 \u00a0 \u00a0 \u00a0 \u00a0 \u00a0 \u00a0 \u00a0$('.slider-69e4cc1a36098').slick({    \r\n                          \r\n                                    });\r\n            })(jQuery);\r\n        <\/script>\r\n\t\t\t\t<\/div>\n\t\t\t\t<\/div>\n\t\t\t\t\t\t<\/div>\n\t\t\t\t\t<\/div>\n\t\t<\/div>\n\t\t\t\t\t\t\t\t<\/div>\n\t\t\t\t\t<\/div>\n\t\t<\/section>\n\t\t\t\t\t\t<\/div>\n\t\t\t\t\t\t<\/div>\n\t\t\t\t\t<\/div>\n\t\t","protected":false},"excerpt":{"rendered":"<p>Risi f.Podmo\u00e7an,Komuna e Resnj\u00ebs f.Podmo\u00e7an,Komuna e Resnj\u00ebs mire se erdhe<\/p>\n","protected":false},"author":1,"featured_media":0,"parent":0,"menu_order":0,"comment_status":"closed","ping_status":"closed","template":"elementor_header_footer","meta":[],"_links":{"self":[{"href":"https:\/\/ouslavejkoarsov.edu.mk\/al\/wp-json\/wp\/v2\/pages\/274"}],"collection":[{"href":"https:\/\/ouslavejkoarsov.edu.mk\/al\/wp-json\/wp\/v2\/pages"}],"about":[{"href":"https:\/\/ouslavejkoarsov.edu.mk\/al\/wp-json\/wp\/v2\/types\/page"}],"author":[{"embeddable":true,"href":"https:\/\/ouslavejkoarsov.edu.mk\/al\/wp-json\/wp\/v2\/users\/1"}],"replies":[{"embeddable":true,"href":"https:\/\/ouslavejkoarsov.edu.mk\/al\/wp-json\/wp\/v2\/comments?post=274"}],"version-history":[{"count":10,"href":"https:\/\/ouslavejkoarsov.edu.mk\/al\/wp-json\/wp\/v2\/pages\/274\/revisions"}],"predecessor-version":[{"id":1261,"href":"https:\/\/ouslavejkoarsov.edu.mk\/al\/wp-json\/wp\/v2\/pages\/274\/revisions\/1261"}],"wp:attachment":[{"href":"https:\/\/ouslavejkoarsov.edu.mk\/al\/wp-json\/wp\/v2\/media?parent=274"}],"curies":[{"name":"wp","href":"https:\/\/api.w.org\/{rel}","templated":true}]}}